{"id":2047,"date":"2023-03-10T08:58:02","date_gmt":"2023-03-10T08:58:02","guid":{"rendered":"https:\/\/brithome.es\/?page_id=2047"},"modified":"2023-03-10T08:58:55","modified_gmt":"2023-03-10T08:58:55","slug":"declaracion-de-accesibilidad","status":"publish","type":"page","link":"https:\/\/brithome.es\/index.php\/declaracion-de-accesibilidad\/","title":{"rendered":"Declaraci\u00f3n de accesibilidad"},"content":{"rendered":"\n<p>Brithome Reformas SL se ha comprometido a hacer accesibles sus sitios web de conformidad con el\u00a0<a href=\"https:\/\/www.boe.es\/buscar\/act.php?id=BOE-A-2018-12699\" target=\"_blank\" rel=\"noreferrer noopener\"><strong>Real Decreto 1112\/2018, de 7 de septiembre<\/strong><\/a>, sobre accesibilidad de los sitios web y aplicaciones para dispositivos m\u00f3viles del sector p\u00fablico (en adelante, Real Decreto 1112\/2018, de 7 de septiembre).<\/p>\n\n\n\n<p>La presente declaraci\u00f3n de accesibilidad se aplica al sitio web https:\/\/brithome.es<\/p>\n\n\n\n<p><strong>Situaci\u00f3n de cumplimiento<\/strong><\/p>\n\n\n\n<p>Este sitio web es&nbsp;<strong>parcialmente conforme<\/strong>&nbsp;con el Real Decreto 1112\/2018, de 7 de septiembre, debido a la falta de conformidad de los aspectos que se indican a continuaci\u00f3n.<\/p>\n\n\n\n<p><strong>Contenido no accesible<\/strong><\/p>\n\n\n\n<p>El contenido que se recoge a continuaci\u00f3n no es accesible por lo siguiente:<\/p>\n\n\n\n<ol class=\"wp-block-list\" type=\"1\">\n<li><strong>Falta de conformidad con el Real Decreto 1112\/2018, de 7 de septiembre<\/strong>: podr\u00edan existir fallos puntuales de edici\u00f3n en alguna p\u00e1gina web, tanto en contenidos HTML como en documentos finales, publicados en fecha posterior al 20 de septiembre de 2018 (fecha de entrada en vigor del Real Decreto 1112\/2018, de 7 de septiembre). Concretamente puede haber errores en aquellos documentos que contienen gr\u00e1ficos.<\/li>\n\n\n\n<li><strong>Carga desproporcionada<\/strong>: no aplica.<\/li>\n<\/ol>\n\n\n\n<p><strong>Preparaci\u00f3n de la presente declaraci\u00f3n de accesibilidad<\/strong><\/p>\n\n\n\n<p>La presente declaraci\u00f3n fue preparada el 8 de febrero de 2023.<\/p>\n\n\n\n<p>El m\u00e9todo empleado para preparar la declaraci\u00f3n ha sido una autoevaluaci\u00f3n llevada a cabo por Britlife Group SL.<\/p>\n\n\n\n<p>\u00daltima revisi\u00f3n de la declaraci\u00f3n: 8 de febrero de 2023.<\/p>\n\n\n\n<p><strong>Observaciones y datos de contacto<\/strong><\/p>\n\n\n\n<p>Puede realizar comunicaciones sobre requisitos de accesibilidad (art\u00edculo 10.2.a) del Real Decreto 1112\/2018, de 7 de septiembre) como, por ejemplo:<\/p>\n\n\n\n<ul class=\"wp-block-list\">\n<li>Informar sobre cualquier posible incumplimiento por parte de este sitio web.<\/li>\n\n\n\n<li>Transmitir otras dificultades de acceso al contenido.<\/li>\n\n\n\n<li>Formular cualquier otra consulta o sugerencia de mejora relativa a la accesibilidad del sitio web.<\/li>\n<\/ul>\n\n\n\n<p>A trav\u00e9s de las siguientes v\u00edas:<\/p>\n\n\n\n<ul class=\"wp-block-list\">\n<li>Correo electr\u00f3nico:&nbsp;<strong><u>info@britlife.es<\/u><\/strong><\/li>\n\n\n\n<li>Tel\u00e9fonos: 640 049 094<\/li>\n<\/ul>\n\n\n\n<p>Las comunicaciones ser\u00e1n recibidas y tratadas por el departamento de Marketing Digital, como unidad responsable de los contenidos de este sitio web.<\/p>\n\n\n\n<p>Tambi\u00e9n puede solicitar en formato accesible informaci\u00f3n que no cumpla con los requisitos de accesibilidad bien por estar excluida, bien por estar exenta por carga desproporcionada; o formular una queja por incumplimiento de los requisitos de accesibilidad. Enlace al&nbsp;<a href=\"https:\/\/sedeminhap.gob.es\/es-ES\/Organos\/SecretariaGeneralTecnica\/Procedimientos\/Paginas\/Default.aspx?IdProcedimiento=1770&amp;p=3\" target=\"_blank\" rel=\"noreferrer noopener\"><strong>procedimiento de solicitud de informaci\u00f3n accesible y quejas<\/strong><strong><\/strong><\/a>&nbsp;del art\u00edculo 12 del Real Decreto 1112\/2018, de 7 de septiembre.<\/p>\n\n\n\n<p><strong>Procedimiento de aplicaci\u00f3n<\/strong><\/p>\n\n\n\n<p>A trav\u00e9s de este procedimiento podr\u00e1 iniciar una reclamaci\u00f3n para conocer y oponerse a los motivos de la desestimaci\u00f3n de una solicitud de informaci\u00f3n accesible o queja, instar la adopci\u00f3n de las medidas oportunas en el caso de no estar de acuerdo con la decisi\u00f3n adoptada, o exponer las razones por las que se considera que la respuesta no cumple con los requisitos exigidos.<\/p>\n\n\n\n<p>Enlace al&nbsp;<a href=\"https:\/\/sedeminhap.gob.es\/es-ES\/Organos\/SecretariaGeneralTecnica\/Procedimientos\/Paginas\/Default.aspx?IdProcedimiento=1771&amp;p=2\" target=\"_blank\" rel=\"noreferrer noopener\"><strong>procedimiento de reclamaci\u00f3n&nbsp;<\/strong><strong><\/strong><\/a>, que debe dirigir a la Unidad responsable de accesibilidad de este Ministerio, o si la reclamaci\u00f3n es por una actuaci\u00f3n de dicha Unidad, al superior jer\u00e1rquico de \u00e9sta.<\/p>\n","protected":false},"excerpt":{"rendered":"<p>Brithome Reformas SL se ha comprometido a hacer accesibles sus sitios web de conformidad con el\u00a0Real Decreto 1112\/2018, de 7 de septiembre, sobre accesibilidad de los sitios web y aplicaciones para dispositivos m\u00f3viles del sector p\u00fablico (en adelante, Real Decreto 1112\/2018, de 7 de septiembre). La presente declaraci\u00f3n de accesibilidad se aplica al sitio web [&hellip;]<\/p>\n","protected":false},"author":1,"featured_media":0,"parent":0,"menu_order":0,"comment_status":"closed","ping_status":"closed","template":"","meta":{"site-sidebar-layout":"default","site-content-layout":"","ast-site-content-layout":"default","site-content-style":"default","site-sidebar-style":"default","ast-global-header-display":"","ast-banner-title-visibility":"","ast-main-header-display":"","ast-hfb-above-header-display":"","ast-hfb-below-header-display":"","ast-hfb-mobile-header-display":"","site-post-title":"","ast-breadcrumbs-content":"","ast-featured-img":"","footer-sml-layout":"","ast-disable-related-posts":"","theme-transparent-header-meta":"","adv-header-id-meta":"","stick-header-meta":"","header-above-stick-meta":"","header-main-stick-meta":"","header-below-stick-meta":"","astra-migrate-meta-layouts":"default","ast-page-background-enabled":"default","ast-page-background-meta":{"desktop":{"background-color":"","background-image":"","background-repeat":"repeat","background-position":"center center","background-size":"auto","background-attachment":"scroll","background-type":"","background-media":"","overlay-type":"","overlay-color":"","overlay-opacity":"","overlay-gradient":""},"tablet":{"background-color":"","background-image":"","background-repeat":"repeat","background-position":"center center","background-size":"auto","background-attachment":"scroll","background-type":"","background-media":"","overlay-type":"","overlay-color":"","overlay-opacity":"","overlay-gradient":""},"mobile":{"background-color":"","background-image":"","background-repeat":"repeat","background-position":"center center","background-size":"auto","background-attachment":"scroll","background-type":"","background-media":"","overlay-type":"","overlay-color":"","overlay-opacity":"","overlay-gradient":""}},"ast-content-background-meta":{"desktop":{"background-color":"var(--ast-global-color-5)","background-image":"","background-repeat":"repeat","background-position":"center center","background-size":"auto","background-attachment":"scroll","background-type":"","background-media":"","overlay-type":"","overlay-color":"","overlay-opacity":"","overlay-gradient":""},"tablet":{"background-color":"var(--ast-global-color-5)","background-image":"","background-repeat":"repeat","background-position":"center center","background-size":"auto","background-attachment":"scroll","background-type":"","background-media":"","overlay-type":"","overlay-color":"","overlay-opacity":"","overlay-gradient":""},"mobile":{"background-color":"var(--ast-global-color-5)","background-image":"","background-repeat":"repeat","background-position":"center center","background-size":"auto","background-attachment":"scroll","background-type":"","background-media":"","overlay-type":"","overlay-color":"","overlay-opacity":"","overlay-gradient":""}},"footnotes":""},"class_list":["post-2047","page","type-page","status-publish","hentry"],"yoast_head":"<!-- This site is optimized with the Yoast SEO plugin v27.3 - https:\/\/yoast.com\/product\/yoast-seo-wordpress\/ -->\n<title>Declaraci\u00f3n de accesibilidad - Brithome Reformas<\/title>\n<meta name=\"robots\" content=\"index, follow, max-snippet:-1, max-image-preview:large, max-video-preview:-1\" \/>\n<link rel=\"canonical\" href=\"https:\/\/brithome.es\/index.php\/declaracion-de-accesibilidad\/\" \/>\n<meta property=\"og:locale\" content=\"es_ES\" \/>\n<meta property=\"og:type\" content=\"article\" \/>\n<meta property=\"og:title\" content=\"Declaraci\u00f3n de accesibilidad - Brithome Reformas\" \/>\n<meta property=\"og:description\" content=\"Brithome Reformas SL se ha comprometido a hacer accesibles sus sitios web de conformidad con el\u00a0Real Decreto 1112\/2018, de 7 de septiembre, sobre accesibilidad de los sitios web y aplicaciones para dispositivos m\u00f3viles del sector p\u00fablico (en adelante, Real Decreto 1112\/2018, de 7 de septiembre). La presente declaraci\u00f3n de accesibilidad se aplica al sitio web [&hellip;]\" \/>\n<meta property=\"og:url\" content=\"https:\/\/brithome.es\/index.php\/declaracion-de-accesibilidad\/\" \/>\n<meta property=\"og:site_name\" content=\"Brithome Reformas\" \/>\n<meta property=\"article:modified_time\" content=\"2023-03-10T08:58:55+00:00\" \/>\n<meta name=\"twitter:card\" content=\"summary_large_image\" \/>\n<meta name=\"twitter:label1\" content=\"Tiempo de lectura\" \/>\n\t<meta name=\"twitter:data1\" content=\"3 minutos\" \/>\n<script type=\"application\/ld+json\" class=\"yoast-schema-graph\">{\"@context\":\"https:\\\/\\\/schema.org\",\"@graph\":[{\"@type\":\"WebPage\",\"@id\":\"https:\\\/\\\/brithome.es\\\/index.php\\\/declaracion-de-accesibilidad\\\/\",\"url\":\"https:\\\/\\\/brithome.es\\\/index.php\\\/declaracion-de-accesibilidad\\\/\",\"name\":\"Declaraci\u00f3n de accesibilidad - Brithome Reformas\",\"isPartOf\":{\"@id\":\"https:\\\/\\\/brithome.es\\\/#website\"},\"datePublished\":\"2023-03-10T08:58:02+00:00\",\"dateModified\":\"2023-03-10T08:58:55+00:00\",\"breadcrumb\":{\"@id\":\"https:\\\/\\\/brithome.es\\\/index.php\\\/declaracion-de-accesibilidad\\\/#breadcrumb\"},\"inLanguage\":\"es\",\"potentialAction\":[{\"@type\":\"ReadAction\",\"target\":[\"https:\\\/\\\/brithome.es\\\/index.php\\\/declaracion-de-accesibilidad\\\/\"]}]},{\"@type\":\"BreadcrumbList\",\"@id\":\"https:\\\/\\\/brithome.es\\\/index.php\\\/declaracion-de-accesibilidad\\\/#breadcrumb\",\"itemListElement\":[{\"@type\":\"ListItem\",\"position\":1,\"name\":\"Portada\",\"item\":\"https:\\\/\\\/brithome.es\\\/\"},{\"@type\":\"ListItem\",\"position\":2,\"name\":\"Declaraci\u00f3n de accesibilidad\"}]},{\"@type\":\"WebSite\",\"@id\":\"https:\\\/\\\/brithome.es\\\/#website\",\"url\":\"https:\\\/\\\/brithome.es\\\/\",\"name\":\"Brithome Reformas\",\"description\":\"\",\"publisher\":{\"@id\":\"https:\\\/\\\/brithome.es\\\/#organization\"},\"potentialAction\":[{\"@type\":\"SearchAction\",\"target\":{\"@type\":\"EntryPoint\",\"urlTemplate\":\"https:\\\/\\\/brithome.es\\\/?s={search_term_string}\"},\"query-input\":{\"@type\":\"PropertyValueSpecification\",\"valueRequired\":true,\"valueName\":\"search_term_string\"}}],\"inLanguage\":\"es\"},{\"@type\":\"Organization\",\"@id\":\"https:\\\/\\\/brithome.es\\\/#organization\",\"name\":\"Brithome Reformas\",\"url\":\"https:\\\/\\\/brithome.es\\\/\",\"logo\":{\"@type\":\"ImageObject\",\"inLanguage\":\"es\",\"@id\":\"https:\\\/\\\/brithome.es\\\/#\\\/schema\\\/logo\\\/image\\\/\",\"url\":\"https:\\\/\\\/brithome.es\\\/wp-content\\\/uploads\\\/2023\\\/03\\\/BRITHOME-1-e1678358578279.png\",\"contentUrl\":\"https:\\\/\\\/brithome.es\\\/wp-content\\\/uploads\\\/2023\\\/03\\\/BRITHOME-1-e1678358578279.png\",\"width\":200,\"height\":185,\"caption\":\"Brithome Reformas\"},\"image\":{\"@id\":\"https:\\\/\\\/brithome.es\\\/#\\\/schema\\\/logo\\\/image\\\/\"}}]}<\/script>\n<!-- \/ Yoast SEO plugin. -->","yoast_head_json":{"title":"Declaraci\u00f3n de accesibilidad - Brithome Reformas","robots":{"index":"index","follow":"follow","max-snippet":"max-snippet:-1","max-image-preview":"max-image-preview:large","max-video-preview":"max-video-preview:-1"},"canonical":"https:\/\/brithome.es\/index.php\/declaracion-de-accesibilidad\/","og_locale":"es_ES","og_type":"article","og_title":"Declaraci\u00f3n de accesibilidad - Brithome Reformas","og_description":"Brithome Reformas SL se ha comprometido a hacer accesibles sus sitios web de conformidad con el\u00a0Real Decreto 1112\/2018, de 7 de septiembre, sobre accesibilidad de los sitios web y aplicaciones para dispositivos m\u00f3viles del sector p\u00fablico (en adelante, Real Decreto 1112\/2018, de 7 de septiembre). La presente declaraci\u00f3n de accesibilidad se aplica al sitio web [&hellip;]","og_url":"https:\/\/brithome.es\/index.php\/declaracion-de-accesibilidad\/","og_site_name":"Brithome Reformas","article_modified_time":"2023-03-10T08:58:55+00:00","twitter_card":"summary_large_image","twitter_misc":{"Tiempo de lectura":"3 minutos"},"schema":{"@context":"https:\/\/schema.org","@graph":[{"@type":"WebPage","@id":"https:\/\/brithome.es\/index.php\/declaracion-de-accesibilidad\/","url":"https:\/\/brithome.es\/index.php\/declaracion-de-accesibilidad\/","name":"Declaraci\u00f3n de accesibilidad - Brithome Reformas","isPartOf":{"@id":"https:\/\/brithome.es\/#website"},"datePublished":"2023-03-10T08:58:02+00:00","dateModified":"2023-03-10T08:58:55+00:00","breadcrumb":{"@id":"https:\/\/brithome.es\/index.php\/declaracion-de-accesibilidad\/#breadcrumb"},"inLanguage":"es","potentialAction":[{"@type":"ReadAction","target":["https:\/\/brithome.es\/index.php\/declaracion-de-accesibilidad\/"]}]},{"@type":"BreadcrumbList","@id":"https:\/\/brithome.es\/index.php\/declaracion-de-accesibilidad\/#breadcrumb","itemListElement":[{"@type":"ListItem","position":1,"name":"Portada","item":"https:\/\/brithome.es\/"},{"@type":"ListItem","position":2,"name":"Declaraci\u00f3n de accesibilidad"}]},{"@type":"WebSite","@id":"https:\/\/brithome.es\/#website","url":"https:\/\/brithome.es\/","name":"Brithome Reformas","description":"","publisher":{"@id":"https:\/\/brithome.es\/#organization"},"potentialAction":[{"@type":"SearchAction","target":{"@type":"EntryPoint","urlTemplate":"https:\/\/brithome.es\/?s={search_term_string}"},"query-input":{"@type":"PropertyValueSpecification","valueRequired":true,"valueName":"search_term_string"}}],"inLanguage":"es"},{"@type":"Organization","@id":"https:\/\/brithome.es\/#organization","name":"Brithome Reformas","url":"https:\/\/brithome.es\/","logo":{"@type":"ImageObject","inLanguage":"es","@id":"https:\/\/brithome.es\/#\/schema\/logo\/image\/","url":"https:\/\/brithome.es\/wp-content\/uploads\/2023\/03\/BRITHOME-1-e1678358578279.png","contentUrl":"https:\/\/brithome.es\/wp-content\/uploads\/2023\/03\/BRITHOME-1-e1678358578279.png","width":200,"height":185,"caption":"Brithome Reformas"},"image":{"@id":"https:\/\/brithome.es\/#\/schema\/logo\/image\/"}}]}},"_links":{"self":[{"href":"https:\/\/brithome.es\/index.php\/wp-json\/wp\/v2\/pages\/2047","targetHints":{"allow":["GET"]}}],"collection":[{"href":"https:\/\/brithome.es\/index.php\/wp-json\/wp\/v2\/pages"}],"about":[{"href":"https:\/\/brithome.es\/index.php\/wp-json\/wp\/v2\/types\/page"}],"author":[{"embeddable":true,"href":"https:\/\/brithome.es\/index.php\/wp-json\/wp\/v2\/users\/1"}],"replies":[{"embeddable":true,"href":"https:\/\/brithome.es\/index.php\/wp-json\/wp\/v2\/comments?post=2047"}],"version-history":[{"count":2,"href":"https:\/\/brithome.es\/index.php\/wp-json\/wp\/v2\/pages\/2047\/revisions"}],"predecessor-version":[{"id":2051,"href":"https:\/\/brithome.es\/index.php\/wp-json\/wp\/v2\/pages\/2047\/revisions\/2051"}],"wp:attachment":[{"href":"https:\/\/brithome.es\/index.php\/wp-json\/wp\/v2\/media?parent=2047"}],"curies":[{"name":"wp","href":"https:\/\/api.w.org\/{rel}","templated":true}]}}