{"id":1895,"date":"2017-07-11T08:54:31","date_gmt":"2017-07-11T08:54:31","guid":{"rendered":"https:\/\/brithome.es\/index.php\/home\/"},"modified":"2023-03-09T11:26:21","modified_gmt":"2023-03-09T11:26:21","slug":"home","status":"publish","type":"page","link":"https:\/\/brithome.es\/","title":{"rendered":"Home"},"content":{"rendered":"\t\t<div data-elementor-type=\"wp-post\" data-elementor-id=\"1895\" class=\"elementor elementor-1895\">\n\t\t\t\t\t\t<section class=\"elementor-section elementor-top-section elementor-element elementor-element-7c257d3e elementor-section-boxed elementor-section-height-default elementor-section-height-default\" data-id=\"7c257d3e\" data-element_type=\"section\" data-e-type=\"section\" data-settings=\"{&quot;background_background&quot;:&quot;classic&quot;}\">\n\t\t\t\t\t\t\t<div class=\"elementor-background-overlay\"><\/div>\n\t\t\t\t\t\t\t<div class=\"elementor-container elementor-column-gap-no\">\n\t\t\t\t\t<div class=\"elementor-column elementor-col-100 elementor-top-column elementor-element elementor-element-2480a569\" data-id=\"2480a569\" data-element_type=\"column\" data-e-type=\"column\">\n\t\t\t<div class=\"elementor-widget-wrap elementor-element-populated\">\n\t\t\t\t\t\t<div class=\"elementor-element elementor-element-2eac14d3 elementor-widget elementor-widget-heading\" data-id=\"2eac14d3\" data-element_type=\"widget\" data-e-type=\"widget\" data-widget_type=\"heading.default\">\n\t\t\t\t<div class=\"elementor-widget-container\">\n\t\t\t\t\t<h1 class=\"elementor-heading-title elementor-size-default\">Brithome.<br>Sue\u00f1a, crea, construye.<\/h1>\t\t\t\t<\/div>\n\t\t\t\t<\/div>\n\t\t\t\t<div class=\"elementor-element elementor-element-364b0db0 elementor-mobile-align-center elementor-widget__width-auto elementor-align-left elementor-widget elementor-widget-button\" data-id=\"364b0db0\" data-element_type=\"widget\" data-e-type=\"widget\" data-widget_type=\"button.default\">\n\t\t\t\t<div class=\"elementor-widget-container\">\n\t\t\t\t\t\t\t\t\t<div class=\"elementor-button-wrapper\">\n\t\t\t\t\t<a class=\"elementor-button elementor-button-link elementor-size-md\" href=\"mailto:hola@brithome.es\">\n\t\t\t\t\t\t<span class=\"elementor-button-content-wrapper\">\n\t\t\t\t\t\t<span class=\"elementor-button-icon\">\n\t\t\t\t<i aria-hidden=\"true\" class=\"fas fa-mail-bulk\"><\/i>\t\t\t<\/span>\n\t\t\t\t\t\t\t\t\t<span class=\"elementor-button-text\">Contacta con nosotros<\/span>\n\t\t\t\t\t<\/span>\n\t\t\t\t\t<\/a>\n\t\t\t\t<\/div>\n\t\t\t\t\t\t\t\t<\/div>\n\t\t\t\t<\/div>\n\t\t\t\t\t<\/div>\n\t\t<\/div>\n\t\t\t\t\t<\/div>\n\t\t<\/section>\n\t\t\t\t<section class=\"elementor-section elementor-top-section elementor-element elementor-element-6fb8f397 elementor-section-content-middle elementor-section-boxed elementor-section-height-default elementor-section-height-default\" data-id=\"6fb8f397\" data-element_type=\"section\" data-e-type=\"section\">\n\t\t\t\t\t\t<div class=\"elementor-container elementor-column-gap-no\">\n\t\t\t\t\t<div class=\"elementor-column elementor-col-50 elementor-top-column elementor-element elementor-element-159c63fb\" data-id=\"159c63fb\" data-element_type=\"column\" data-e-type=\"column\">\n\t\t\t<div class=\"elementor-widget-wrap elementor-element-populated\">\n\t\t\t\t\t\t<div class=\"elementor-element elementor-element-1432ce0 elementor-widget elementor-widget-heading\" data-id=\"1432ce0\" data-element_type=\"widget\" data-e-type=\"widget\" data-widget_type=\"heading.default\">\n\t\t\t\t<div class=\"elementor-widget-container\">\n\t\t\t\t\t<h2 class=\"elementor-heading-title elementor-size-default\">Nuestro compromiso<\/h2>\t\t\t\t<\/div>\n\t\t\t\t<\/div>\n\t\t\t\t<div class=\"elementor-element elementor-element-180587c elementor-widget-divider--view-line elementor-widget elementor-widget-divider\" data-id=\"180587c\" data-element_type=\"widget\" data-e-type=\"widget\" data-widget_type=\"divider.default\">\n\t\t\t\t<div class=\"elementor-widget-container\">\n\t\t\t\t\t\t\t<div class=\"elementor-divider\">\n\t\t\t<span class=\"elementor-divider-separator\">\n\t\t\t\t\t\t<\/span>\n\t\t<\/div>\n\t\t\t\t\t\t<\/div>\n\t\t\t\t<\/div>\n\t\t\t\t<div class=\"elementor-element elementor-element-67b63bf elementor-widget elementor-widget-heading\" data-id=\"67b63bf\" data-element_type=\"widget\" data-e-type=\"widget\" data-widget_type=\"heading.default\">\n\t\t\t\t<div class=\"elementor-widget-container\">\n\t\t\t\t\t<h4 class=\"elementor-heading-title elementor-size-default\">El cliente como pilar principal<\/h4>\t\t\t\t<\/div>\n\t\t\t\t<\/div>\n\t\t\t\t<div class=\"elementor-element elementor-element-552d4bba elementor-widget elementor-widget-text-editor\" data-id=\"552d4bba\" data-element_type=\"widget\" data-e-type=\"widget\" data-widget_type=\"text-editor.default\">\n\t\t\t\t<div class=\"elementor-widget-container\">\n\t\t\t\t\t\t\t\t\t<p>realizaci\u00f3n de reformas integrales y parciales, adapt\u00e1ndonos siempre a las necesidades y deseos de nuestros clientes. Somos un equipo de profesionales altamente capacitados y comprometidos con cada uno de nuestros proyectos.<\/p>\t\t\t\t\t\t\t\t<\/div>\n\t\t\t\t<\/div>\n\t\t\t\t<div class=\"elementor-element elementor-element-4028df50 elementor-widget-divider--view-line elementor-widget elementor-widget-divider\" data-id=\"4028df50\" data-element_type=\"widget\" data-e-type=\"widget\" data-widget_type=\"divider.default\">\n\t\t\t\t<div class=\"elementor-widget-container\">\n\t\t\t\t\t\t\t<div class=\"elementor-divider\">\n\t\t\t<span class=\"elementor-divider-separator\">\n\t\t\t\t\t\t<\/span>\n\t\t<\/div>\n\t\t\t\t\t\t<\/div>\n\t\t\t\t<\/div>\n\t\t\t\t<div class=\"elementor-element elementor-element-7628f4c elementor-align-center elementor-widget elementor-widget-button\" data-id=\"7628f4c\" data-element_type=\"widget\" data-e-type=\"widget\" data-widget_type=\"button.default\">\n\t\t\t\t<div class=\"elementor-widget-container\">\n\t\t\t\t\t\t\t\t\t<div class=\"elementor-button-wrapper\">\n\t\t\t\t\t<a class=\"elementor-button elementor-button-link elementor-size-sm\" href=\"tel:607704433\">\n\t\t\t\t\t\t<span class=\"elementor-button-content-wrapper\">\n\t\t\t\t\t\t\t\t\t<span class=\"elementor-button-text\">Ll\u00e1manos<\/span>\n\t\t\t\t\t<\/span>\n\t\t\t\t\t<\/a>\n\t\t\t\t<\/div>\n\t\t\t\t\t\t\t\t<\/div>\n\t\t\t\t<\/div>\n\t\t\t\t\t<\/div>\n\t\t<\/div>\n\t\t\t\t<div class=\"elementor-column elementor-col-50 elementor-top-column elementor-element elementor-element-3c9eeef9\" data-id=\"3c9eeef9\" data-element_type=\"column\" data-e-type=\"column\">\n\t\t\t<div class=\"elementor-widget-wrap elementor-element-populated\">\n\t\t\t\t\t\t<div class=\"elementor-element elementor-element-16d310e elementor-widget elementor-widget-image\" data-id=\"16d310e\" data-element_type=\"widget\" data-e-type=\"widget\" data-widget_type=\"image.default\">\n\t\t\t\t<div class=\"elementor-widget-container\">\n\t\t\t\t\t\t\t\t\t\t\t\t\t\t\t<img decoding=\"async\" src=\"https:\/\/brithome.es\/wp-content\/uploads\/elementor\/thumbs\/jorge-herrero-06-qi43gcyea6kjnd6fpci6xeft8s6nu1aieqoahxsqw0.jpg\" title=\"jorge herrero 06\" alt=\"jorge herrero 06\" loading=\"lazy\" \/>\t\t\t\t\t\t\t\t\t\t\t\t\t\t\t<\/div>\n\t\t\t\t<\/div>\n\t\t\t\t\t<\/div>\n\t\t<\/div>\n\t\t\t\t\t<\/div>\n\t\t<\/section>\n\t\t\t\t<section class=\"elementor-section elementor-top-section elementor-element elementor-element-1d9c4382 elementor-section-boxed elementor-section-height-default elementor-section-height-default\" data-id=\"1d9c4382\" data-element_type=\"section\" data-e-type=\"section\" data-settings=\"{&quot;background_background&quot;:&quot;classic&quot;}\">\n\t\t\t\t\t\t\t<div class=\"elementor-background-overlay\"><\/div>\n\t\t\t\t\t\t\t<div class=\"elementor-container elementor-column-gap-no\">\n\t\t\t\t\t<div class=\"elementor-column elementor-col-100 elementor-top-column elementor-element elementor-element-1b7778b5\" data-id=\"1b7778b5\" data-element_type=\"column\" data-e-type=\"column\">\n\t\t\t<div class=\"elementor-widget-wrap elementor-element-populated\">\n\t\t\t\t\t\t<div class=\"elementor-element elementor-element-5ff09916 elementor-widget-divider--view-line elementor-widget elementor-widget-divider\" data-id=\"5ff09916\" data-element_type=\"widget\" data-e-type=\"widget\" data-widget_type=\"divider.default\">\n\t\t\t\t<div class=\"elementor-widget-container\">\n\t\t\t\t\t\t\t<div class=\"elementor-divider\">\n\t\t\t<span class=\"elementor-divider-separator\">\n\t\t\t\t\t\t<\/span>\n\t\t<\/div>\n\t\t\t\t\t\t<\/div>\n\t\t\t\t<\/div>\n\t\t\t\t<div class=\"elementor-element elementor-element-2c2c426b elementor-widget elementor-widget-heading\" data-id=\"2c2c426b\" data-element_type=\"widget\" data-e-type=\"widget\" data-widget_type=\"heading.default\">\n\t\t\t\t<div class=\"elementor-widget-container\">\n\t\t\t\t\t<h2 class=\"elementor-heading-title elementor-size-default\">\u00bfNecesitas presupuesto?<\/h2>\t\t\t\t<\/div>\n\t\t\t\t<\/div>\n\t\t\t\t<div class=\"elementor-element elementor-element-3d367f40 elementor-widget elementor-widget-text-editor\" data-id=\"3d367f40\" data-element_type=\"widget\" data-e-type=\"widget\" data-widget_type=\"text-editor.default\">\n\t\t\t\t<div class=\"elementor-widget-container\">\n\t\t\t\t\t\t\t\t\t<p>Pide una cita con nosotros en tu vivienda o lugar de trabajo, nos desplazamos sin compromiso para valorar todo lo necesario para tu proyecto.<\/p>\t\t\t\t\t\t\t\t<\/div>\n\t\t\t\t<\/div>\n\t\t\t\t<div class=\"elementor-element elementor-element-18212e86 elementor-align-center elementor-widget elementor-widget-button\" data-id=\"18212e86\" data-element_type=\"widget\" data-e-type=\"widget\" data-widget_type=\"button.default\">\n\t\t\t\t<div class=\"elementor-widget-container\">\n\t\t\t\t\t\t\t\t\t<div class=\"elementor-button-wrapper\">\n\t\t\t\t\t<a class=\"elementor-button elementor-button-link elementor-size-sm\" href=\"#\">\n\t\t\t\t\t\t<span class=\"elementor-button-content-wrapper\">\n\t\t\t\t\t\t<span class=\"elementor-button-icon\">\n\t\t\t\t<svg xmlns=\"http:\/\/www.w3.org\/2000\/svg\" viewBox=\"0 0 32 32\"><path d=\"M 18.71875 6.78125 L 17.28125 8.21875 L 24.0625 15 L 4 15 L 4 17 L 24.0625 17 L 17.28125 23.78125 L 18.71875 25.21875 L 27.21875 16.71875 L 27.90625 16 L 27.21875 15.28125 Z\"><\/path><\/svg>\t\t\t<\/span>\n\t\t\t\t\t\t\t\t\t<span class=\"elementor-button-text\">Reserva una cita con nosotros<\/span>\n\t\t\t\t\t<\/span>\n\t\t\t\t\t<\/a>\n\t\t\t\t<\/div>\n\t\t\t\t\t\t\t\t<\/div>\n\t\t\t\t<\/div>\n\t\t\t\t\t<\/div>\n\t\t<\/div>\n\t\t\t\t\t<\/div>\n\t\t<\/section>\n\t\t\t\t<section class=\"elementor-section elementor-top-section elementor-element elementor-element-6ec45657 elementor-section-content-middle elementor-section-boxed elementor-section-height-default elementor-section-height-default\" data-id=\"6ec45657\" data-element_type=\"section\" data-e-type=\"section\">\n\t\t\t\t\t\t<div class=\"elementor-container elementor-column-gap-no\">\n\t\t\t\t\t<div class=\"elementor-column elementor-col-100 elementor-top-column elementor-element elementor-element-3cf86d3\" data-id=\"3cf86d3\" data-element_type=\"column\" data-e-type=\"column\">\n\t\t\t<div class=\"elementor-widget-wrap\">\n\t\t\t\t\t\t\t<\/div>\n\t\t<\/div>\n\t\t\t\t\t<\/div>\n\t\t<\/section>\n\t\t\t\t<\/div>\n\t\t","protected":false},"excerpt":{"rendered":"<p>Brithome.Sue\u00f1a, crea, construye. Contacta con nosotros Nuestro compromiso El cliente como pilar principal realizaci\u00f3n de reformas integrales y parciales, adapt\u00e1ndonos siempre a las necesidades y deseos de nuestros clientes. Somos un equipo de profesionales altamente capacitados y comprometidos con cada uno de nuestros proyectos. Ll\u00e1manos \u00bfNecesitas presupuesto? Pide una cita con nosotros en tu vivienda [&hellip;]<\/p>\n","protected":false},"author":1,"featured_media":0,"parent":0,"menu_order":0,"comment_status":"closed","ping_status":"closed","template":"","meta":{"site-sidebar-layout":"no-sidebar","site-content-layout":"page-builder","ast-site-content-layout":"default","site-content-style":"default","site-sidebar-style":"default","ast-global-header-display":"","ast-banner-title-visibility":"","ast-main-header-display":"","ast-hfb-above-header-display":"","ast-hfb-below-header-display":"","ast-hfb-mobile-header-display":"","site-post-title":"disabled","ast-breadcrumbs-content":"","ast-featured-img":"disabled","footer-sml-layout":"","ast-disable-related-posts":"","theme-transparent-header-meta":"enabled","adv-header-id-meta":"","stick-header-meta":"","header-above-stick-meta":"","header-main-stick-meta":"","header-below-stick-meta":"","astra-migrate-meta-layouts":"default","ast-page-background-enabled":"default","ast-page-background-meta":{"desktop":{"background-color":"","background-image":"","background-repeat":"repeat","background-position":"center center","background-size":"auto","background-attachment":"scroll","background-type":"","background-media":"","overlay-type":"","overlay-color":"","overlay-opacity":"","overlay-gradient":""},"tablet":{"background-color":"","background-image":"","background-repeat":"repeat","background-position":"center center","background-size":"auto","background-attachment":"scroll","background-type":"","background-media":"","overlay-type":"","overlay-color":"","overlay-opacity":"","overlay-gradient":""},"mobile":{"background-color":"","background-image":"","background-repeat":"repeat","background-position":"center center","background-size":"auto","background-attachment":"scroll","background-type":"","background-media":"","overlay-type":"","overlay-color":"","overlay-opacity":"","overlay-gradient":""}},"ast-content-background-meta":{"desktop":{"background-color":"var(--ast-global-color-5)","background-image":"","background-repeat":"repeat","background-position":"center center","background-size":"auto","background-attachment":"scroll","background-type":"","background-media":"","overlay-type":"","overlay-color":"","overlay-opacity":"","overlay-gradient":""},"tablet":{"background-color":"var(--ast-global-color-5)","background-image":"","background-repeat":"repeat","background-position":"center center","background-size":"auto","background-attachment":"scroll","background-type":"","background-media":"","overlay-type":"","overlay-color":"","overlay-opacity":"","overlay-gradient":""},"mobile":{"background-color":"var(--ast-global-color-5)","background-image":"","background-repeat":"repeat","background-position":"center center","background-size":"auto","background-attachment":"scroll","background-type":"","background-media":"","overlay-type":"","overlay-color":"","overlay-opacity":"","overlay-gradient":""}},"footnotes":""},"class_list":["post-1895","page","type-page","status-publish","hentry"],"yoast_head":"<!-- This site is optimized with the Yoast SEO plugin v27.3 - https:\/\/yoast.com\/product\/yoast-seo-wordpress\/ -->\n<title>Home - Brithome Reformas<\/title>\n<meta name=\"robots\" content=\"index, follow, max-snippet:-1, max-image-preview:large, max-video-preview:-1\" \/>\n<link rel=\"canonical\" href=\"https:\/\/brithome.es\/\" \/>\n<meta property=\"og:locale\" content=\"es_ES\" \/>\n<meta property=\"og:type\" content=\"article\" \/>\n<meta property=\"og:title\" content=\"Home - Brithome Reformas\" \/>\n<meta property=\"og:description\" content=\"Brithome.Sue\u00f1a, crea, construye. Contacta con nosotros Nuestro compromiso El cliente como pilar principal realizaci\u00f3n de reformas integrales y parciales, adapt\u00e1ndonos siempre a las necesidades y deseos de nuestros clientes. Somos un equipo de profesionales altamente capacitados y comprometidos con cada uno de nuestros proyectos. Ll\u00e1manos \u00bfNecesitas presupuesto? Pide una cita con nosotros en tu vivienda [&hellip;]\" \/>\n<meta property=\"og:url\" content=\"https:\/\/brithome.es\/\" \/>\n<meta property=\"og:site_name\" content=\"Brithome Reformas\" \/>\n<meta property=\"article:modified_time\" content=\"2023-03-09T11:26:21+00:00\" \/>\n<meta property=\"og:image\" content=\"https:\/\/brithome.es\/wp-content\/uploads\/elementor\/thumbs\/jorge-herrero-06-q37zaq7uew1h0z4hlagjcojy4qpdsq3h65ovzv18gw.jpg\" \/>\n<meta name=\"twitter:card\" content=\"summary_large_image\" \/>\n<meta name=\"twitter:label1\" content=\"Tiempo de lectura\" \/>\n\t<meta name=\"twitter:data1\" content=\"1 minuto\" \/>\n<script type=\"application\/ld+json\" class=\"yoast-schema-graph\">{\"@context\":\"https:\\\/\\\/schema.org\",\"@graph\":[{\"@type\":\"WebPage\",\"@id\":\"https:\\\/\\\/brithome.es\\\/\",\"url\":\"https:\\\/\\\/brithome.es\\\/\",\"name\":\"Home - Brithome Reformas\",\"isPartOf\":{\"@id\":\"https:\\\/\\\/brithome.es\\\/#website\"},\"primaryImageOfPage\":{\"@id\":\"https:\\\/\\\/brithome.es\\\/#primaryimage\"},\"image\":{\"@id\":\"https:\\\/\\\/brithome.es\\\/#primaryimage\"},\"thumbnailUrl\":\"https:\\\/\\\/brithome.es\\\/wp-content\\\/uploads\\\/elementor\\\/thumbs\\\/jorge-herrero-06-q37zaq7uew1h0z4hlagjcojy4qpdsq3h65ovzv18gw.jpg\",\"datePublished\":\"2017-07-11T08:54:31+00:00\",\"dateModified\":\"2023-03-09T11:26:21+00:00\",\"breadcrumb\":{\"@id\":\"https:\\\/\\\/brithome.es\\\/#breadcrumb\"},\"inLanguage\":\"es\",\"potentialAction\":[{\"@type\":\"ReadAction\",\"target\":[\"https:\\\/\\\/brithome.es\\\/\"]}]},{\"@type\":\"ImageObject\",\"inLanguage\":\"es\",\"@id\":\"https:\\\/\\\/brithome.es\\\/#primaryimage\",\"url\":\"https:\\\/\\\/brithome.es\\\/wp-content\\\/uploads\\\/elementor\\\/thumbs\\\/jorge-herrero-06-q37zaq7uew1h0z4hlagjcojy4qpdsq3h65ovzv18gw.jpg\",\"contentUrl\":\"https:\\\/\\\/brithome.es\\\/wp-content\\\/uploads\\\/elementor\\\/thumbs\\\/jorge-herrero-06-q37zaq7uew1h0z4hlagjcojy4qpdsq3h65ovzv18gw.jpg\"},{\"@type\":\"BreadcrumbList\",\"@id\":\"https:\\\/\\\/brithome.es\\\/#breadcrumb\",\"itemListElement\":[{\"@type\":\"ListItem\",\"position\":1,\"name\":\"Portada\",\"item\":\"https:\\\/\\\/brithome.es\\\/\"},{\"@type\":\"ListItem\",\"position\":2,\"name\":\"Home\"}]},{\"@type\":\"WebSite\",\"@id\":\"https:\\\/\\\/brithome.es\\\/#website\",\"url\":\"https:\\\/\\\/brithome.es\\\/\",\"name\":\"Brithome Reformas\",\"description\":\"\",\"publisher\":{\"@id\":\"https:\\\/\\\/brithome.es\\\/#organization\"},\"potentialAction\":[{\"@type\":\"SearchAction\",\"target\":{\"@type\":\"EntryPoint\",\"urlTemplate\":\"https:\\\/\\\/brithome.es\\\/?s={search_term_string}\"},\"query-input\":{\"@type\":\"PropertyValueSpecification\",\"valueRequired\":true,\"valueName\":\"search_term_string\"}}],\"inLanguage\":\"es\"},{\"@type\":\"Organization\",\"@id\":\"https:\\\/\\\/brithome.es\\\/#organization\",\"name\":\"Brithome Reformas\",\"url\":\"https:\\\/\\\/brithome.es\\\/\",\"logo\":{\"@type\":\"ImageObject\",\"inLanguage\":\"es\",\"@id\":\"https:\\\/\\\/brithome.es\\\/#\\\/schema\\\/logo\\\/image\\\/\",\"url\":\"https:\\\/\\\/brithome.es\\\/wp-content\\\/uploads\\\/2023\\\/03\\\/BRITHOME-1-e1678358578279.png\",\"contentUrl\":\"https:\\\/\\\/brithome.es\\\/wp-content\\\/uploads\\\/2023\\\/03\\\/BRITHOME-1-e1678358578279.png\",\"width\":200,\"height\":185,\"caption\":\"Brithome Reformas\"},\"image\":{\"@id\":\"https:\\\/\\\/brithome.es\\\/#\\\/schema\\\/logo\\\/image\\\/\"}}]}<\/script>\n<!-- \/ Yoast SEO plugin. -->","yoast_head_json":{"title":"Home - Brithome Reformas","robots":{"index":"index","follow":"follow","max-snippet":"max-snippet:-1","max-image-preview":"max-image-preview:large","max-video-preview":"max-video-preview:-1"},"canonical":"https:\/\/brithome.es\/","og_locale":"es_ES","og_type":"article","og_title":"Home - Brithome Reformas","og_description":"Brithome.Sue\u00f1a, crea, construye. Contacta con nosotros Nuestro compromiso El cliente como pilar principal realizaci\u00f3n de reformas integrales y parciales, adapt\u00e1ndonos siempre a las necesidades y deseos de nuestros clientes. Somos un equipo de profesionales altamente capacitados y comprometidos con cada uno de nuestros proyectos. Ll\u00e1manos \u00bfNecesitas presupuesto? Pide una cita con nosotros en tu vivienda [&hellip;]","og_url":"https:\/\/brithome.es\/","og_site_name":"Brithome Reformas","article_modified_time":"2023-03-09T11:26:21+00:00","og_image":[{"url":"https:\/\/brithome.es\/wp-content\/uploads\/elementor\/thumbs\/jorge-herrero-06-q37zaq7uew1h0z4hlagjcojy4qpdsq3h65ovzv18gw.jpg","type":"","width":"","height":""}],"twitter_card":"summary_large_image","twitter_misc":{"Tiempo de lectura":"1 minuto"},"schema":{"@context":"https:\/\/schema.org","@graph":[{"@type":"WebPage","@id":"https:\/\/brithome.es\/","url":"https:\/\/brithome.es\/","name":"Home - Brithome Reformas","isPartOf":{"@id":"https:\/\/brithome.es\/#website"},"primaryImageOfPage":{"@id":"https:\/\/brithome.es\/#primaryimage"},"image":{"@id":"https:\/\/brithome.es\/#primaryimage"},"thumbnailUrl":"https:\/\/brithome.es\/wp-content\/uploads\/elementor\/thumbs\/jorge-herrero-06-q37zaq7uew1h0z4hlagjcojy4qpdsq3h65ovzv18gw.jpg","datePublished":"2017-07-11T08:54:31+00:00","dateModified":"2023-03-09T11:26:21+00:00","breadcrumb":{"@id":"https:\/\/brithome.es\/#breadcrumb"},"inLanguage":"es","potentialAction":[{"@type":"ReadAction","target":["https:\/\/brithome.es\/"]}]},{"@type":"ImageObject","inLanguage":"es","@id":"https:\/\/brithome.es\/#primaryimage","url":"https:\/\/brithome.es\/wp-content\/uploads\/elementor\/thumbs\/jorge-herrero-06-q37zaq7uew1h0z4hlagjcojy4qpdsq3h65ovzv18gw.jpg","contentUrl":"https:\/\/brithome.es\/wp-content\/uploads\/elementor\/thumbs\/jorge-herrero-06-q37zaq7uew1h0z4hlagjcojy4qpdsq3h65ovzv18gw.jpg"},{"@type":"BreadcrumbList","@id":"https:\/\/brithome.es\/#breadcrumb","itemListElement":[{"@type":"ListItem","position":1,"name":"Portada","item":"https:\/\/brithome.es\/"},{"@type":"ListItem","position":2,"name":"Home"}]},{"@type":"WebSite","@id":"https:\/\/brithome.es\/#website","url":"https:\/\/brithome.es\/","name":"Brithome Reformas","description":"","publisher":{"@id":"https:\/\/brithome.es\/#organization"},"potentialAction":[{"@type":"SearchAction","target":{"@type":"EntryPoint","urlTemplate":"https:\/\/brithome.es\/?s={search_term_string}"},"query-input":{"@type":"PropertyValueSpecification","valueRequired":true,"valueName":"search_term_string"}}],"inLanguage":"es"},{"@type":"Organization","@id":"https:\/\/brithome.es\/#organization","name":"Brithome Reformas","url":"https:\/\/brithome.es\/","logo":{"@type":"ImageObject","inLanguage":"es","@id":"https:\/\/brithome.es\/#\/schema\/logo\/image\/","url":"https:\/\/brithome.es\/wp-content\/uploads\/2023\/03\/BRITHOME-1-e1678358578279.png","contentUrl":"https:\/\/brithome.es\/wp-content\/uploads\/2023\/03\/BRITHOME-1-e1678358578279.png","width":200,"height":185,"caption":"Brithome Reformas"},"image":{"@id":"https:\/\/brithome.es\/#\/schema\/logo\/image\/"}}]}},"_links":{"self":[{"href":"https:\/\/brithome.es\/index.php\/wp-json\/wp\/v2\/pages\/1895","targetHints":{"allow":["GET"]}}],"collection":[{"href":"https:\/\/brithome.es\/index.php\/wp-json\/wp\/v2\/pages"}],"about":[{"href":"https:\/\/brithome.es\/index.php\/wp-json\/wp\/v2\/types\/page"}],"author":[{"embeddable":true,"href":"https:\/\/brithome.es\/index.php\/wp-json\/wp\/v2\/users\/1"}],"replies":[{"embeddable":true,"href":"https:\/\/brithome.es\/index.php\/wp-json\/wp\/v2\/comments?post=1895"}],"version-history":[{"count":25,"href":"https:\/\/brithome.es\/index.php\/wp-json\/wp\/v2\/pages\/1895\/revisions"}],"predecessor-version":[{"id":2008,"href":"https:\/\/brithome.es\/index.php\/wp-json\/wp\/v2\/pages\/1895\/revisions\/2008"}],"wp:attachment":[{"href":"https:\/\/brithome.es\/index.php\/wp-json\/wp\/v2\/media?parent=1895"}],"curies":[{"name":"wp","href":"https:\/\/api.w.org\/{rel}","templated":true}]}}